{"id":255,"date":"2023-08-25T20:58:16","date_gmt":"2023-08-25T20:58:16","guid":{"rendered":"https:\/\/alturainteractive.com\/es\/?page_id=255"},"modified":"2023-08-30T22:48:46","modified_gmt":"2023-08-30T22:48:46","slug":"sobre-nosotros","status":"publish","type":"page","link":"https:\/\/alturainteractive.com\/es\/sobre-nosotros\/","title":{"rendered":"Sobre Nosotros"},"content":{"rendered":"<p>[vc_row full_width=&#8221;stretch_row&#8221; css=&#8221;.vc_custom_1692998323021{margin-top: -50px !important;padding-top: 50px !important;background-color: #004a87 !important;}&#8221;][vc_column][vc_row_inner][vc_column_inner width=&#8221;1\/4&#8243; offset=&#8221;vc_hidden-md vc_hidden-sm vc_hidden-xs&#8221; css=&#8221;.vc_custom_1693423893811{background-position: 0 0 !important;background-repeat: no-repeat !important;}&#8221;][\/vc_column_inner][vc_column_inner width=&#8221;1\/2&#8243; css=&#8221;.vc_custom_1692375487536{margin-top: 20px !important;}&#8221;][vc_custom_heading text=&#8221;TU ALIADO DE CONFIANZA<br \/>\nEN MARKETING DIGITAL&#8221; font_container=&#8221;tag:h1|text_align:center|color:%23ffffff&#8221; google_fonts=&#8221;font_family:Montserrat%3Aregular%2C700|font_style:700%20bold%20regular%3A700%3Anormal&#8221;][vc_empty_space height=&#8221;10px&#8221;][vc_custom_heading text=&#8221;Desde crear campa\u00f1as cautivadoras hasta lograr resultados tangibles, estamos aqu\u00ed para elevar tu marca en el mundo digital. \u00danete a nosotros y experimenta de primera mano lo que nuestro equipo con a\u00f1os de experiencia y trabajo de excelencia en Marketing Digital.&#8221; font_container=&#8221;tag:p|font_size:1.5rem|text_align:center|color:%23ffffff&#8221; google_fonts=&#8221;font_family:Montserrat%3Aregular%2C700|font_style:400%20regular%3A400%3Anormal&#8221;][\/vc_column_inner][vc_column_inner width=&#8221;1\/4&#8243; offset=&#8221;vc_hidden-md vc_hidden-sm vc_hidden-xs&#8221;][\/vc_column_inner][\/vc_row_inner][\/vc_column][\/vc_row][vc_row full_width=&#8221;stretch_row_content&#8221; css=&#8221;.vc_custom_1692998134645{background-image: url(https:\/\/alturainteractive.com\/es\/wp-content\/uploads\/2023\/08\/triangle-bottom-ses.png?id=32) !important;}&#8221;][vc_column][vc_empty_space height=&#8221;60px&#8221;][\/vc_column][\/vc_row][vc_row][vc_column width=&#8221;1\/6&#8243;][\/vc_column][vc_column width=&#8221;2\/3&#8243;][vc_empty_space height=&#8221;30px&#8221;][vc_custom_heading text=&#8221;CONOCE AL EQUIPO&#8221; font_container=&#8221;tag:h2|text_align:center|color:%23333333&#8243; google_fonts=&#8221;font_family:Montserrat%3Aregular%2C700|font_style:400%20regular%3A400%3Anormal&#8221;][vc_empty_space height=&#8221;30&#8243;][\/vc_column][vc_column width=&#8221;1\/6&#8243;][\/vc_column][\/vc_row][vc_row full_width=&#8221;stretch_row_content&#8221;][vc_column width=&#8221;1\/6&#8243;][\/vc_column][vc_column width=&#8221;2\/3&#8243;][vc_row_inner][vc_column_inner width=&#8221;1\/4&#8243;][vc_single_image image=&#8221;282&#8243; img_size=&#8221;&#8221;][vc_custom_heading text=&#8221;ZEPH SNAPP&#8221; font_container=&#8221;tag:h5|font_size:15|text_align:center|color:%233d3d3d&#8221; google_fonts=&#8221;font_family:Montserrat%3Aregular%2C700|font_style:700%20bold%20regular%3A700%3Anormal&#8221; css=&#8221;.vc_custom_1693426097375{margin-top: -50px !important;}&#8221;][\/vc_column_inner][vc_column_inner width=&#8221;1\/4&#8243;][vc_single_image image=&#8221;280&#8243; img_size=&#8221;&#8221;][vc_custom_heading text=&#8221;SELENE SANTES&#8221; font_container=&#8221;tag:h5|font_size:15|text_align:center|color:%233d3d3d&#8221; google_fonts=&#8221;font_family:Montserrat%3Aregular%2C700|font_style:700%20bold%20regular%3A700%3Anormal&#8221; css=&#8221;.vc_custom_1693426265265{margin-top: -50px !important;}&#8221;][\/vc_column_inner][vc_column_inner width=&#8221;1\/4&#8243;][vc_single_image image=&#8221;279&#8243; img_size=&#8221;&#8221;][vc_custom_heading text=&#8221;SANDRA V\u00c1ZQUEZ&#8221; font_container=&#8221;tag:h5|font_size:15|text_align:center|color:%233d3d3d&#8221; google_fonts=&#8221;font_family:Montserrat%3Aregular%2C700|font_style:700%20bold%20regular%3A700%3Anormal&#8221; css=&#8221;.vc_custom_1693426304270{margin-top: -50px !important;}&#8221;][\/vc_column_inner][vc_column_inner width=&#8221;1\/4&#8243;][vc_single_image image=&#8221;276&#8243; img_size=&#8221;&#8221;][vc_custom_heading text=&#8221;CAROLINA MARTINEZ&#8221; font_container=&#8221;tag:h5|font_size:15|text_align:center|color:%233d3d3d&#8221; google_fonts=&#8221;font_family:Montserrat%3Aregular%2C700|font_style:700%20bold%20regular%3A700%3Anormal&#8221; css=&#8221;.vc_custom_1693426369603{margin-top: -50px !important;}&#8221;][\/vc_column_inner][\/vc_row_inner][vc_row_inner][vc_column_inner width=&#8221;1\/4&#8243;][vc_single_image image=&#8221;271&#8243; img_size=&#8221;&#8221;][vc_custom_heading text=&#8221;MAURA PALACIOS&#8221; font_container=&#8221;tag:h5|font_size:15|text_align:center|color:%233d3d3d&#8221; google_fonts=&#8221;font_family:Montserrat%3Aregular%2C700|font_style:700%20bold%20regular%3A700%3Anormal&#8221; css=&#8221;.vc_custom_1693426548529{margin-top: -50px !important;}&#8221;][\/vc_column_inner][vc_column_inner width=&#8221;1\/4&#8243;][vc_single_image image=&#8221;274&#8243; img_size=&#8221;&#8221;][vc_custom_heading text=&#8221;ARELY AGUILAR&#8221; font_container=&#8221;tag:h5|font_size:15|text_align:center|color:%233d3d3d&#8221; google_fonts=&#8221;font_family:Montserrat%3Aregular%2C700|font_style:700%20bold%20regular%3A700%3Anormal&#8221; css=&#8221;.vc_custom_1693426636289{margin-top: -50px !important;}&#8221;][\/vc_column_inner][vc_column_inner width=&#8221;1\/4&#8243;][vc_single_image image=&#8221;283&#8243; img_size=&#8221;&#8221;][vc_custom_heading text=&#8221;NORA ABAD&#8221; font_container=&#8221;tag:h5|font_size:15|text_align:center|color:%233d3d3d&#8221; google_fonts=&#8221;font_family:Montserrat%3Aregular%2C700|font_style:700%20bold%20regular%3A700%3Anormal&#8221; css=&#8221;.vc_custom_1693426653383{margin-top: -50px !important;}&#8221;][\/vc_column_inner][vc_column_inner width=&#8221;1\/4&#8243;][vc_single_image image=&#8221;277&#8243; img_size=&#8221;&#8221;][vc_custom_heading text=&#8221;KAREN VILLALOBOS&#8221; font_container=&#8221;tag:h5|font_size:15|text_align:center|color:%233d3d3d&#8221; google_fonts=&#8221;font_family:Montserrat%3Aregular%2C700|font_style:700%20bold%20regular%3A700%3Anormal&#8221; css=&#8221;.vc_custom_1693426680519{margin-top: -50px !important;}&#8221;][\/vc_column_inner][\/vc_row_inner][vc_row_inner][vc_column_inner width=&#8221;1\/4&#8243;][vc_single_image image=&#8221;273&#8243; img_size=&#8221;&#8221;][vc_custom_heading text=&#8221;ANDREA PELAYO&#8221; font_container=&#8221;tag:h5|font_size:15|text_align:center|color:%233d3d3d&#8221; google_fonts=&#8221;font_family:Montserrat%3Aregular%2C700|font_style:700%20bold%20regular%3A700%3Anormal&#8221; css=&#8221;.vc_custom_1693426698734{margin-top: -50px !important;}&#8221;][\/vc_column_inner][vc_column_inner width=&#8221;1\/4&#8243;][vc_single_image image=&#8221;278&#8243; img_size=&#8221;&#8221;][vc_custom_heading text=&#8221;LUISA ELIZONDO&#8221; font_container=&#8221;tag:h5|font_size:15|text_align:center|color:%233d3d3d&#8221; google_fonts=&#8221;font_family:Montserrat%3Aregular%2C700|font_style:700%20bold%20regular%3A700%3Anormal&#8221; css=&#8221;.vc_custom_1693426721235{margin-top: -50px !important;}&#8221;][\/vc_column_inner][vc_column_inner width=&#8221;1\/4&#8243;][vc_single_image image=&#8221;275&#8243; img_size=&#8221;&#8221;][vc_custom_heading text=&#8221;B\u00c1RBARA MART\u00cdNEZ&#8221; font_container=&#8221;tag:h5|font_size:15|text_align:center|color:%233d3d3d&#8221; google_fonts=&#8221;font_family:Montserrat%3Aregular%2C700|font_style:700%20bold%20regular%3A700%3Anormal&#8221; css=&#8221;.vc_custom_1693426766276{margin-top: -50px !important;}&#8221;][\/vc_column_inner][vc_column_inner width=&#8221;1\/4&#8243;][vc_single_image image=&#8221;272&#8243; img_size=&#8221;&#8221;][vc_custom_heading text=&#8221;ABRIL LEYVA&#8221; font_container=&#8221;tag:h5|font_size:15|text_align:center|color:%233d3d3d&#8221; google_fonts=&#8221;font_family:Montserrat%3Aregular%2C700|font_style:700%20bold%20regular%3A700%3Anormal&#8221; css=&#8221;.vc_custom_1693426793529{margin-top: -50px !important;}&#8221;][\/vc_column_inner][\/vc_row_inner][vc_row_inner][vc_column_inner width=&#8221;1\/3&#8243;][\/vc_column_inner][vc_column_inner width=&#8221;1\/3&#8243;][vc_single_image image=&#8221;281&#8243; img_size=&#8221;&#8221; alignment=&#8221;center&#8221;][vc_custom_heading text=&#8221;TESSA LOPEZ&#8221; font_container=&#8221;tag:h5|font_size:15|text_align:center|color:%233d3d3d&#8221; google_fonts=&#8221;font_family:Montserrat%3Aregular%2C700|font_style:700%20bold%20regular%3A700%3Anormal&#8221; css=&#8221;.vc_custom_1693426817645{margin-top: -50px !important;}&#8221;][\/vc_column_inner][vc_column_inner width=&#8221;1\/3&#8243;][\/vc_column_inner][\/vc_row_inner][vc_row_inner][vc_column_inner][vc_empty_space height=&#8221;60px&#8221;][\/vc_column_inner][\/vc_row_inner][\/vc_column][vc_column width=&#8221;1\/6&#8243;][\/vc_column][\/vc_row][vc_row full_width=&#8221;stretch_row&#8221; css=&#8221;.vc_custom_1692915570022{padding-top: 20px !important;padding-bottom: 20px !important;background-color: #004a87 !important;}&#8221;][vc_column width=&#8221;1\/3&#8243;][\/vc_column][vc_column width=&#8221;1\/3&#8243;][vc_column_text]<\/p>\n<p style=\"text-align: center; color: #ffffff; font-family: Montserrat; font-weight: 400; font-style: normal; font-size: 22px;\">Nuestro objetivo es el \u00e9xito.<\/p>\n<p>[\/vc_column_text][vc_column_text css=&#8221;.vc_custom_1692915717015{margin-top: -40px !important;}&#8221;]<\/p>\n<p style=\"text-align: center; color: #ffffff; font-family: Montserrat; font-weight: bold; font-style: normal; font-size: 22px;\"><strong>An\u00e1lisis. Planeaci\u00f3n. Trabajo. Resultados.<\/strong><\/p>\n<p>[\/vc_column_text][\/vc_column][vc_column width=&#8221;1\/3&#8243;][\/vc_column][\/vc_row][vc_row][vc_column][vc_empty_space height=&#8221;30px&#8221;][\/vc_column][\/vc_row][vc_row][vc_column width=&#8221;1\/6&#8243;][\/vc_column][vc_column width=&#8221;4\/6&#8243;][vc_row_inner][vc_column_inner width=&#8221;1\/3&#8243; css=&#8221;.vc_custom_1692990814326{background-image: url(https:\/\/alturainteractive.com\/es\/wp-content\/uploads\/2023\/08\/yeti3.1-01-6-1-1.png?id=212) !important;background-position: 0 0 !important;background-repeat: no-repeat !important;}&#8221;][vc_empty_space height=&#8221;300&#8243;][\/vc_column_inner][vc_column_inner width=&#8221;2\/3&#8243;][vc_custom_heading text=&#8221;\u00a1CONT\u00c1CTANOS HOY MISMO!&#8221; font_container=&#8221;tag:h6|font_size:18|text_align:left|color:%23414040&#8243; google_fonts=&#8221;font_family:Montserrat%3Aregular%2C700|font_style:700%20bold%20regular%3A700%3Anormal&#8221;][vc_custom_heading text=&#8221;Hablemos sobre c\u00f3mo podemos trabajar juntos para llevar tu negocio al siguiente nivel.&#8221; font_container=&#8221;tag:p|font_size:18|text_align:left|color:%23333333&#8243; google_fonts=&#8221;font_family:Montserrat%3Aregular%2C700|font_style:400%20regular%3A400%3Anormal&#8221; css=&#8221;.vc_custom_1693425762876{margin-bottom: -30px !important;}&#8221;]<style id=\"wpforms-css-vars-214\">\n\t\t\t\t#wpforms-214 {\n\t\t\t\t\n\t\t\t}\n\t\t\t<\/style><div class=\"wpforms-container wpforms-container-full wpforms-render-modern\" id=\"wpforms-214\"><form id=\"wpforms-form-214\" class=\"wpforms-validate wpforms-form wpforms-ajax-form\" data-formid=\"214\" method=\"post\" enctype=\"multipart\/form-data\" action=\"\/es\/wp-json\/wp\/v2\/pages\/255\" data-token=\"d00ba2adb5ca819d1bc8b894f09bd588\" data-token-time=\"1777152882\"><noscript class=\"wpforms-error-noscript\">Please enable JavaScript in your browser to complete this form.<\/noscript><div id=\"wpforms-error-noscript\" style=\"display: none;\">Please enable JavaScript in your browser to complete this form.<\/div><div class=\"wpforms-field-container\"><div id=\"wpforms-214-field_4-container\" class=\"wpforms-field wpforms-field-text wpforms-one-half wpforms-first wpforms-one-third wpforms-one-fourth wpforms-two-fourths\" data-field-id=\"4\"><label class=\"wpforms-field-label wpforms-label-hide\" for=\"wpforms-214-field_4\" aria-hidden=\"false\">Nombre <span class=\"wpforms-required-label\" aria-hidden=\"true\">*<\/span><\/label><input type=\"text\" id=\"wpforms-214-field_4\" class=\"wpforms-field-large wpforms-field-required\" name=\"wpforms[fields][4]\" placeholder=\"Nombre\" aria-errormessage=\"wpforms-214-field_4-error\" required><\/div><div id=\"wpforms-214-field_2-container\" class=\"wpforms-field wpforms-field-email wpforms-one-half wpforms-one-third wpforms-one-fourth\" data-field-id=\"2\"><label class=\"wpforms-field-label wpforms-label-hide\" for=\"wpforms-214-field_2\" aria-hidden=\"false\">Email <span class=\"wpforms-required-label\" aria-hidden=\"true\">*<\/span><\/label><input type=\"email\" id=\"wpforms-214-field_2\" class=\"wpforms-field-large wpforms-field-required\" name=\"wpforms[fields][2]\" placeholder=\"Email\" spellcheck=\"false\" aria-errormessage=\"wpforms-214-field_2-error\" required><\/div><div id=\"wpforms-214-field_3-container\" class=\"wpforms-field wpforms-field-textarea\" data-field-id=\"3\"><label class=\"wpforms-field-label wpforms-label-hide\" for=\"wpforms-214-field_3\" aria-hidden=\"false\">Paragraph Text<\/label><textarea id=\"wpforms-214-field_3\" class=\"wpforms-field-small\" name=\"wpforms[fields][3]\" placeholder=\"Cu\u00e9ntanos sobre tu proyecto...\" aria-errormessage=\"wpforms-214-field_3-error\" ><\/textarea><\/div><\/div><!-- .wpforms-field-container --><div class=\"wpforms-recaptcha-container wpforms-is-turnstile\" ><div class=\"cf-turnstile\" data-sitekey=\"0x4AAAAAAAIHXHabSGGwVahQ\" data-action=\"FormID-214\"><\/div><input type=\"text\" name=\"g-recaptcha-hidden\" class=\"wpforms-recaptcha-hidden\" style=\"position:absolute!important;clip:rect(0,0,0,0)!important;height:1px!important;width:1px!important;border:0!important;overflow:hidden!important;padding:0!important;margin:0!important;\" data-rule-turnstile=\"1\"><\/div><div class=\"wpforms-submit-container\" ><input type=\"hidden\" name=\"wpforms[id]\" value=\"214\"><input type=\"hidden\" name=\"page_title\" value=\"\"><input type=\"hidden\" name=\"page_url\" value=\"https:\/\/alturainteractive.com\/es\/wp-json\/wp\/v2\/pages\/255\"><input type=\"hidden\" name=\"url_referer\" value=\"\"><button type=\"submit\" name=\"wpforms[submit]\" id=\"wpforms-submit-214\" class=\"wpforms-submit boton-formulariowp\" data-alt-text=\"Enviando...\" data-submit-text=\"ENVIAR\" aria-live=\"assertive\" value=\"wpforms-submit\">ENVIAR<\/button><img decoding=\"async\" src=\"https:\/\/alturainteractive.com\/es\/wp-content\/plugins\/wpforms-lite\/assets\/images\/submit-spin.svg\" class=\"wpforms-submit-spinner\" style=\"display: none;\" width=\"26\" height=\"26\" alt=\"Loading\"><\/div><\/form><\/div>  <!-- .wpforms-container -->[\/vc_column_inner][\/vc_row_inner][\/vc_column][vc_column width=&#8221;1\/6&#8243;][\/vc_column][\/vc_row]<\/p>\n","protected":false},"excerpt":{"rendered":"<p>[vc_row full_width=&#8221;stretch_row&#8221; css=&#8221;.vc_custom_1692998323021{margin-top: -50px !important;padding-top: 50px !important;background-color: #004a87 !important;}&#8221;][vc_column][vc_row_inner][vc_column_inner width=&#8221;1\/4&#8243; offset=&#8221;vc_hidden-md vc_hidden-sm vc_hidden-xs&#8221; css=&#8221;.vc_custom_1693423893811{background-position: 0 0 !important;background-repeat: no-repeat !important;}&#8221;][\/vc_column_inner][vc_column_inner width=&#8221;1\/2&#8243; css=&#8221;.vc_custom_1692375487536{margin-top: 20px !important;}&#8221;][vc_custom_heading text=&#8221;TU ALIADO DE CONFIANZA EN MARKETING DIGITAL&#8221; font_container=&#8221;tag:h1|text_align:center|color:%23ffffff&#8221; google_fonts=&#8221;font_family:Montserrat%3Aregular%2C700|font_style:700%20bold%20regular%3A700%3Anormal&#8221;][vc_empty_space height=&#8221;10px&#8221;][vc_custom_heading text=&#8221;Desde crear campa\u00f1as cautivadoras hasta lograr resultados tangibles, estamos aqu\u00ed para elevar tu marca en el mundo digital. \u00danete a nosotros y [&hellip;]<\/p>\n","protected":false},"author":1,"featured_media":0,"parent":0,"menu_order":0,"comment_status":"closed","ping_status":"open","template":"","meta":{"footnotes":""},"class_list":["post-255","page","type-page","status-publish","hentry"],"acf":[],"_links":{"self":[{"href":"https:\/\/alturainteractive.com\/es\/wp-json\/wp\/v2\/pages\/255","targetHints":{"allow":["GET"]}}],"collection":[{"href":"https:\/\/alturainteractive.com\/es\/wp-json\/wp\/v2\/pages"}],"about":[{"href":"https:\/\/alturainteractive.com\/es\/wp-json\/wp\/v2\/types\/page"}],"author":[{"embeddable":true,"href":"https:\/\/alturainteractive.com\/es\/wp-json\/wp\/v2\/users\/1"}],"replies":[{"embeddable":true,"href":"https:\/\/alturainteractive.com\/es\/wp-json\/wp\/v2\/comments?post=255"}],"version-history":[{"count":39,"href":"https:\/\/alturainteractive.com\/es\/wp-json\/wp\/v2\/pages\/255\/revisions"}],"predecessor-version":[{"id":313,"href":"https:\/\/alturainteractive.com\/es\/wp-json\/wp\/v2\/pages\/255\/revisions\/313"}],"wp:attachment":[{"href":"https:\/\/alturainteractive.com\/es\/wp-json\/wp\/v2\/media?parent=255"}],"curies":[{"name":"wp","href":"https:\/\/api.w.org\/{rel}","templated":true}]}}